{"id":4528,"date":"2018-04-15T23:31:18","date_gmt":"2018-04-15T23:31:18","guid":{"rendered":"http:\/\/www.labassola.com?page_id=4528"},"modified":"2018-04-16T09:40:22","modified_gmt":"2018-04-16T09:40:22","slug":"contacto","status":"publish","type":"page","link":"https:\/\/www.labassola.com\/es\/contacto","title":{"rendered":"Contacto"},"content":{"rendered":"<p>[vc_row full_width=\u00bbstretch_row\u00bb custom_over_follow=\u00bbover_follow_initial\u00bb css=\u00bb.vc_custom_1523810736736{padding-bottom: 114px !important;background-image: url(http:\/\/www.labassola.com\/wp-content\/uploads\/2018\/04\/labassola_bg_trans3.png?id=4216) !important;background-position: 0 0 !important;background-repeat: repeat !important;}\u00bb][vc_column el_class=\u00bbbox-shadow1&#8243; css=\u00bb.vc_custom_1522258274390{margin-top: -60px !important;}\u00bb offset=\u00bbvc_col-lg-offset-2 vc_col-lg-8 vc_col-md-offset-2 vc_col-md-8&#8243;][vc_row_inner equal_height=\u00bbyes\u00bb el_class=\u00bbbox-shadow2&#8243; css=\u00bb.vc_custom_1523810765850{background-color: #f2ecda !important;background-position: 0 0 !important;background-repeat: repeat !important;}\u00bb][vc_column_inner el_class=\u00bbcontact-box\u00bb width=\u00bb7\/12&#8243; css=\u00bb.vc_custom_1522258426958{padding-top: 28px !important;padding-right: 52px !important;padding-left: 28px !important;}\u00bb][vc_custom_heading text=\u00bbCont\u00e1ctanos\u00bb font_container=\u00bbtag:h3|text_align:left\u00bb use_theme_fonts=\u00bbyes\u00bb][vc_column_text]Si est\u00e1s interesado en nuestros productos o te gustar\u00eda saber m\u00e1s cosas de nosotros, d\u00e9janos un mensaje y te responderemos lo m\u00e1s pronto posible.[\/vc_column_text][vc_empty_space height=\u00bb30px\u00bb]<div role=\"form\" class=\"wpcf7\" id=\"wpcf7-f4540-o1\" lang=\"en-US\" dir=\"ltr\">\n<div class=\"screen-reader-response\"><p role=\"status\" aria-live=\"polite\" aria-atomic=\"true\"><\/p> <ul><\/ul><\/div>\n<form action=\"\/es\/wp-json\/wp\/v2\/pages\/4528#wpcf7-f4540-o1\" method=\"post\" class=\"wpcf7-form init style1\" novalidate=\"novalidate\" data-status=\"init\">\n<div style=\"display: none;\">\n<input type=\"hidden\" name=\"_wpcf7\" value=\"4540\" \/>\n<input type=\"hidden\" name=\"_wpcf7_version\" value=\"5.4.2\" \/>\n<input type=\"hidden\" name=\"_wpcf7_locale\" value=\"en_US\" \/>\n<input type=\"hidden\" name=\"_wpcf7_unit_tag\" value=\"wpcf7-f4540-o1\" \/>\n<input type=\"hidden\" name=\"_wpcf7_container_post\" value=\"0\" \/>\n<input type=\"hidden\" name=\"_wpcf7_posted_data_hash\" value=\"\" \/>\n<\/div>\n<p>\n    <span class=\"wpcf7-form-control-wrap your-name\"><input type=\"text\" name=\"your-name\" value=\"\" size=\"40\" class=\"wpcf7-form-control wpcf7-text wpcf7-validates-as-required\" aria-required=\"true\" aria-invalid=\"false\" placeholder=\"Nombre\" \/><\/span> <\/p>\n<p>\n    <span class=\"wpcf7-form-control-wrap your-email\"><input type=\"email\" name=\"your-email\" value=\"\" size=\"40\" class=\"wpcf7-form-control wpcf7-text wpcf7-email wpcf7-validates-as-required wpcf7-validates-as-email\" aria-required=\"true\" aria-invalid=\"false\" placeholder=\"Email\" \/><\/span> <\/p>\n<p>\n    <span class=\"wpcf7-form-control-wrap your-contact-number\"><input type=\"tel\" name=\"your-contact-number\" value=\"\" size=\"40\" class=\"wpcf7-form-control wpcf7-text wpcf7-tel wpcf7-validates-as-tel\" aria-invalid=\"false\" placeholder=\"Tel\u00e9fono\" \/><\/span> <\/p>\n<p>\n    <span class=\"wpcf7-form-control-wrap your-subject\"><input type=\"text\" name=\"your-subject\" value=\"\" size=\"40\" class=\"wpcf7-form-control wpcf7-text\" aria-invalid=\"false\" placeholder=\"Asunto\" \/><\/span> <\/p>\n<p class=\"full\">\n    <span class=\"wpcf7-form-control-wrap your-message\"><input type=\"text\" name=\"your-message\" value=\"\" size=\"40\" class=\"wpcf7-form-control wpcf7-text wpcf7-validates-as-required\" aria-required=\"true\" aria-invalid=\"false\" placeholder=\"Mensaje\" \/><\/span> <\/p>\n<p class=\"full\"><span class=\"wpcf7-form-control-wrap acceptance-146\"><span class=\"wpcf7-form-control wpcf7-acceptance\"><span class=\"wpcf7-list-item\"><label><input type=\"checkbox\" name=\"acceptance-146\" value=\"1\" aria-invalid=\"false\" checked=\"checked\" \/><span class=\"wpcf7-list-item-label\">Acepto la <a href=\"politica-de-privacitat\" style=\"text-decoration:underline;\">Pol\u00edtica de Privacidad y el Aviso Legal<\/a><\/span><\/label><\/span><\/span><\/span><\/p>\n<p><input type=\"submit\" value=\"Enviar\" class=\"wpcf7-form-control wpcf7-submit\" \/><\/p>\n<div class=\"wpcf7-response-output\" aria-hidden=\"true\"><\/div><\/form><\/div>[\/vc_column_inner][vc_column_inner el_class=\u00bbdatos-box\u00bb width=\u00bb5\/12&#8243; css=\u00bb.vc_custom_1523810495116{padding-top: 28px !important;padding-bottom: 26px !important;padding-left: 28px !important;background-color: #c1be6e !important;}\u00bb offset=\u00bbvc_col-lg-offset-0 vc_col-md-offset-0&#8243;][vc_custom_heading text=\u00bbLa Bassola\u00bb font_container=\u00bbtag:h3|text_align:left|color:%23f2ecda\u00bb use_theme_fonts=\u00bbyes\u00bb el_class=\u00bbbg-color\u00bb][vc_column_text]<span style=\"color: #f2ecda;\">Granja la Bassola<\/span><br \/>\n<span style=\"color: #f2ecda;\">Carretera de Castellcir, s\/n<\/span><br \/>\n<span style=\"color: #f2ecda;\">08183 Castellter\u00e7ol<\/span><br \/>\n<span style=\"color: #f2ecda;\">T. <a style=\"color: #f2ecda;\" href=\"tel:937442048\">937 442 048<\/a> \u2013 <a style=\"color: #f2ecda;\" href=\"tel:938668039\">938 668 039<\/a><\/span><br \/>\n<a href=\"mailto:info@labassola.com\"><span style=\"color: #f2ecda;\">info@labassola.com<\/span><\/a>[\/vc_column_text][\/vc_column_inner][\/vc_row_inner][\/vc_column][\/vc_row][vc_row full_width=\u00bbstretch_row_content_no_spaces\u00bb background_overlay_color=\u00bbyes\u00bb row_overlay_color=\u00bbrgba(0,0,0,0.35)\u00bb][vc_column][vc_gmaps link=\u00bb#E-8_JTNDaWZyYW1lJTIwc3JjJTNEJTIyaHR0cHMlM0ElMkYlMkZ3d3cuZ29vZ2xlLmNvbSUyRm1hcHMlMkZlbWJlZCUzRnBiJTNEJTIxMW0xOCUyMTFtMTIlMjExbTMlMjExZDU5NTMuMjkxMjY0MjE3MDk1JTIxMmQyLjEyODcyOTQzMzcwMTU3NjMlMjEzZDQxLjc0OTczNTgzNDM0ODIzNiUyMTJtMyUyMTFmMCUyMTJmMCUyMTNmMCUyMTNtMiUyMTFpMTAyNCUyMTJpNzY4JTIxNGYxMy4xJTIxM20zJTIxMW0yJTIxMXMweDEyYTRlN2ZhNWZjZGQyYjMlMjUzQTB4M2UzZjIwMjk2NDQ0YmE3OCUyMTJzVW5uYW1lZCUyQlJvYWQlMjUyQyUyQjA4MTgzJTJCQ2FzdGVsbHRlciUyNUMzJTI1QTdvbCUyNTJDJTJCQmFyY2Vsb25hJTIxNWUwJTIxM20yJTIxMXNlcyUyMTJzZXMlMjE0djE1MjIyNDE1MDQxNzYlMjIlMjB3aWR0aCUzRCUyMjYwMCUyMiUyMGhlaWdodCUzRCUyMjQ1MCUyMiUyMGZyYW1lYm9yZGVyJTNEJTIyMCUyMiUyMHN0eWxlJTNEJTIyYm9yZGVyJTNBMCUyMiUyMGFsbG93ZnVsbHNjcmVlbiUzRSUzQyUyRmlmcmFtZSUzRQ==\u00bb size=\u00bb325&#8243;][\/vc_column][\/vc_row]<\/p>\n","protected":false},"excerpt":{"rendered":"<p>[vc_row full_width=\u00bbstretch_row\u00bb custom_over_follow=\u00bbover_follow_initial\u00bb css=\u00bb.vc_custom_1523810736736{padding-bottom: 114px !important;background-image: url(http:\/\/www.labassola.com\/wp-content\/uploads\/2018\/04\/labassola_bg_trans3.png?id=4216) !important;background-position: 0 0 !important;background-repeat: repeat !important;}\u00bb][vc_column el_class=\u00bbbox-shadow1&#8243; css=\u00bb.vc_custom_1522258274390{margin-top: -60px !important;}\u00bb offset=\u00bbvc_col-lg-offset-2 vc_col-lg-8 vc_col-md-offset-2 vc_col-md-8&#8243;][vc_row_inner equal_height=\u00bbyes\u00bb el_class=\u00bbbox-shadow2&#8243; css=\u00bb.vc_custom_1523810765850{background-color: #f2ecda !important;background-position: 0 0 !important;background-repeat: repeat !important;}\u00bb][vc_column_inner el_class=\u00bbcontact-box\u00bb width=\u00bb7\/12&#8243; css=\u00bb.vc_custom_1522258426958{padding-top: 28px !important;padding-right: 52px !important;padding-left: 28px !important;}\u00bb][vc_custom_heading text=\u00bbCont\u00e1ctanos\u00bb font_container=\u00bbtag:h3|text_align:left\u00bb use_theme_fonts=\u00bbyes\u00bb][vc_column_text]Si est\u00e1s interesado en nuestros productos o te gustar\u00eda saber m\u00e1s cosas de [&hellip;]<\/p>\n","protected":false},"author":2,"featured_media":0,"parent":0,"menu_order":0,"comment_status":"closed","ping_status":"closed","template":"","meta":[],"_links":{"self":[{"href":"https:\/\/www.labassola.com\/es\/wp-json\/wp\/v2\/pages\/4528"}],"collection":[{"href":"https:\/\/www.labassola.com\/es\/wp-json\/wp\/v2\/pages"}],"about":[{"href":"https:\/\/www.labassola.com\/es\/wp-json\/wp\/v2\/types\/page"}],"author":[{"embeddable":true,"href":"https:\/\/www.labassola.com\/es\/wp-json\/wp\/v2\/users\/2"}],"replies":[{"embeddable":true,"href":"https:\/\/www.labassola.com\/es\/wp-json\/wp\/v2\/comments?post=4528"}],"version-history":[{"count":3,"href":"https:\/\/www.labassola.com\/es\/wp-json\/wp\/v2\/pages\/4528\/revisions"}],"predecessor-version":[{"id":4541,"href":"https:\/\/www.labassola.com\/es\/wp-json\/wp\/v2\/pages\/4528\/revisions\/4541"}],"wp:attachment":[{"href":"https:\/\/www.labassola.com\/es\/wp-json\/wp\/v2\/media?parent=4528"}],"curies":[{"name":"wp","href":"https:\/\/api.w.org\/{rel}","templated":true}]}}