{"id":4512,"date":"2018-04-15T23:22:36","date_gmt":"2018-04-15T23:22:36","guid":{"rendered":"http:\/\/www.labassola.com?page_id=4512"},"modified":"2018-04-16T09:37:03","modified_gmt":"2018-04-16T09:37:03","slug":"distribuidores-y-profesionales","status":"publish","type":"page","link":"https:\/\/www.labassola.com\/es\/distribuidores-y-profesionales","title":{"rendered":"Distribuidores"},"content":{"rendered":"<p>[vc_row full_width=\u00bbstretch_row_content\u00bb el_id=\u00bbbg-bassola-masia\u00bb css=\u00bb.vc_custom_1523810031010{padding-bottom: 70px !important;background-image: url(http:\/\/www.labassola.com\/wp-content\/uploads\/2018\/04\/labassola_bg_trans3.png?id=4216) !important;background-position: 0 0 !important;background-repeat: repeat !important;}\u00bb][vc_column width=\u00bb1\/3&#8243;][\/vc_column][vc_column width=\u00bb1\/3&#8243;][vc_empty_space height=\u00bb70px\u00bb][vc_custom_heading text=\u00bbDistribuidores y profesionales\u00bb font_container=\u00bbtag:h2|text_align:center|color:%23c1be6e\u00bb use_theme_fonts=\u00bbyes\u00bb][vc_raw_html]JTNDZGl2JTIwY2xhc3MlM0QlMjJiYXNzb2xhLXNlcGFyYXRvci1ncmVlbiUyMiUzRSUzQyUyRmRpdiUzRQ==[\/vc_raw_html][vc_column_text css=\u00bb.vc_custom_1523834887664{padding-top: 50px !important;}\u00bb]<\/p>\n<p style=\"text-align: center;\">Si eres un profesional o distribuidor del sector y quieres comercializar los productos de La Bassola, puedes ponerte en contacto con nosotros y concertar una visita mediante el tel\u00e9fono <a href=\"tel:937442048\">937 442 048<\/a> o al <a href=\"tel:938668039\">938 668 039<\/a> .<\/p>\n<p>[\/vc_column_text][\/vc_column][vc_column width=\u00bb1\/3&#8243;][\/vc_column][\/vc_row][vc_row css=\u00bb.vc_custom_1523810056134{background-image: url(http:\/\/www.labassola.com\/wp-content\/uploads\/2018\/04\/labassola_bg_trans3.png?id=4216) !important;background-position: 0 0 !important;background-repeat: repeat !important;}\u00bb][vc_column width=\u00bb2\/3&#8243;][vc_tta_accordion style=\u00bboutline\u00bb c_icon=\u00bb\u00bb active_section=\u00bb1&#8243; no_fill=\u00bbtrue\u00bb][vc_tta_section title=\u00bb\u00bfA qu\u00e9 tipos de establecimientos comerciales servimos pedidos?\u00bb tab_id=\u00bbclients\u00bb][vc_column_text]En La Bassola servimos nuestras carnes de ternera a diferentes hoteles, restaurantes y caterings (canal HORECA), a la vez que lo hacemos a agrotiendas, carnicer\u00edas, autoservicios y colectividades.[\/vc_column_text][\/vc_tta_section][vc_tta_section title=\u00bb\u00bfD\u00f3nde distribuimos?\u00bb tab_id=\u00bbdistribuci\u00f3\u00bb][vc_column_text]Las carnes de La Bassola las encontrar\u00e9is principalmente en las comarcas del Barcelon\u00e8s y el Vall\u00e8s Oriental y Occidental. Para nosotros las distancias no son ning\u00fan obst\u00e1culo; si es necesario, indicadnos el lugar de Catalu\u00f1a donde querr\u00edais comercializarlas.[\/vc_column_text][\/vc_tta_section][vc_tta_section title=\u00bb\u00bfPreparamos pedidos personalizados?\u00bb tab_id=\u00bbcomandes\u00bb][vc_column_text]En La Bassola contamos con un obrador propio y, por lo tanto, podemos adaptarnos a vuestras necesidades y prepararos vuestro pedido personalizado.[\/vc_column_text][\/vc_tta_section][vc_tta_section title=\u00bb \u00bfC\u00f3mo funciona nuestro sistema de pedidos?\u00bb tab_id=\u00bbcom-funciona-comandes\u00bb][vc_column_text]Los pedidos de La Bassola los preparamos el d\u00eda antes de realizar la entrega y se hacen repartos dos o tres veces por semana.[\/vc_column_text][\/vc_tta_section][vc_tta_section title=\u00bb\u00bfQu\u00e9 ventajas tiene comprar nuestra carne? \u00bb tab_id=\u00bbavantatges\u00bb][vc_column_text]En La Bassola comercializamos siempre carne de terneras hembras del pa\u00eds bajo los protocolos sanitarios m\u00e1s estrictos. El trato directo con el pay\u00e9s, que controla la totalidad del proceso, un producto de proximidad y el hecho de contar con un obrador propio hace que podamos servir los pedidos r\u00e1pidamente y adaptarnos a las necesidades reales del cliente.[\/vc_column_text][\/vc_tta_section][\/vc_tta_accordion][\/vc_column][vc_column width=\u00bb1\/3&#8243;][vc_single_image image=\u00bb4292&#8243; img_size=\u00bbfull\u00bb alignment=\u00bbcenter\u00bb][\/vc_column][\/vc_row][vc_row css=\u00bb.vc_custom_1523810070148{background-image: url(http:\/\/www.labassola.com\/wp-content\/uploads\/2018\/04\/labassola_bg_trans3.png?id=4216) !important;background-position: 0 0 !important;background-repeat: repeat !important;}\u00bb][vc_column][vc_empty_space height=\u00bb50px\u00bb][\/vc_column][\/vc_row][vc_row full_width=\u00bbstretch_row_content_no_spaces\u00bb custom_row_image_right=\u00bbbackground-images-overlay-fullwidth\u00bb css=\u00bb.vc_custom_1523810080390{background-image: url(http:\/\/www.labassola.com\/wp-content\/uploads\/2018\/04\/labassola_bg_trans3.png?id=4216) !important;background-position: 0 0 !important;background-repeat: repeat !important;}\u00bb][vc_column][vc_single_image image=\u00bb4517&#8243; img_size=\u00bbfull\u00bb alignment=\u00bbcenter\u00bb el_class=\u00bbbanner-distribuidors-desktop\u00bb][vc_single_image image=\u00bb4519&#8243; img_size=\u00bbfull\u00bb alignment=\u00bbcenter\u00bb el_class=\u00bbbanner-distribuidors-tablet\u00bb][vc_single_image image=\u00bb4521&#8243; img_size=\u00bbfull\u00bb alignment=\u00bbcenter\u00bb el_class=\u00bbbanner-distribuidors-mobile\u00bb][\/vc_column][\/vc_row]<\/p>\n","protected":false},"excerpt":{"rendered":"<p>[vc_row full_width=\u00bbstretch_row_content\u00bb el_id=\u00bbbg-bassola-masia\u00bb css=\u00bb.vc_custom_1523810031010{padding-bottom: 70px !important;background-image: url(http:\/\/www.labassola.com\/wp-content\/uploads\/2018\/04\/labassola_bg_trans3.png?id=4216) !important;background-position: 0 0 !important;background-repeat: repeat !important;}\u00bb][vc_column width=\u00bb1\/3&#8243;][\/vc_column][vc_column width=\u00bb1\/3&#8243;][vc_empty_space height=\u00bb70px\u00bb][vc_custom_heading text=\u00bbDistribuidores y profesionales\u00bb font_container=\u00bbtag:h2|text_align:center|color:%23c1be6e\u00bb use_theme_fonts=\u00bbyes\u00bb][vc_raw_html]JTNDZGl2JTIwY2xhc3MlM0QlMjJiYXNzb2xhLXNlcGFyYXRvci1ncmVlbiUyMiUzRSUzQyUyRmRpdiUzRQ==[\/vc_raw_html][vc_column_text css=\u00bb.vc_custom_1523834887664{padding-top: 50px !important;}\u00bb] Si eres un profesional o distribuidor del sector y quieres comercializar los productos de La Bassola, puedes ponerte en contacto con nosotros y concertar una visita mediante el tel\u00e9fono 937 442 [&hellip;]<\/p>\n","protected":false},"author":2,"featured_media":0,"parent":0,"menu_order":0,"comment_status":"closed","ping_status":"closed","template":"","meta":[],"_links":{"self":[{"href":"https:\/\/www.labassola.com\/es\/wp-json\/wp\/v2\/pages\/4512"}],"collection":[{"href":"https:\/\/www.labassola.com\/es\/wp-json\/wp\/v2\/pages"}],"about":[{"href":"https:\/\/www.labassola.com\/es\/wp-json\/wp\/v2\/types\/page"}],"author":[{"embeddable":true,"href":"https:\/\/www.labassola.com\/es\/wp-json\/wp\/v2\/users\/2"}],"replies":[{"embeddable":true,"href":"https:\/\/www.labassola.com\/es\/wp-json\/wp\/v2\/comments?post=4512"}],"version-history":[{"count":6,"href":"https:\/\/www.labassola.com\/es\/wp-json\/wp\/v2\/pages\/4512\/revisions"}],"predecessor-version":[{"id":4542,"href":"https:\/\/www.labassola.com\/es\/wp-json\/wp\/v2\/pages\/4512\/revisions\/4542"}],"wp:attachment":[{"href":"https:\/\/www.labassola.com\/es\/wp-json\/wp\/v2\/media?parent=4512"}],"curies":[{"name":"wp","href":"https:\/\/api.w.org\/{rel}","templated":true}]}}