{"id":4509,"date":"2018-04-15T23:20:33","date_gmt":"2018-04-15T23:20:33","guid":{"rendered":"http:\/\/www.labassola.com?page_id=4509"},"modified":"2018-05-22T10:52:03","modified_gmt":"2018-05-22T10:52:03","slug":"bienestar-animal","status":"publish","type":"page","link":"https:\/\/www.labassola.com\/es\/bienestar-animal","title":{"rendered":"Bienestar animal"},"content":{"rendered":"<p>[vc_row full_width=\u00bbstretch_row_content\u00bb custom_row_image_right=\u00bbbackground-images-overlay-fullwidth\u00bb css=\u00bb.vc_custom_1523810218012{padding-top: 0px !important;background-image: url(http:\/\/www.labassola.com\/wp-content\/uploads\/2018\/04\/labassola_bg_trans3.png?id=4216) !important;background-position: 0 0 !important;background-repeat: repeat !important;}\u00bb][vc_column width=\u00bb1\/3&#8243;][vc_empty_space][\/vc_column][vc_column width=\u00bb1\/3&#8243;][vc_empty_space height=\u00bb70px\u00bb][vc_custom_heading text=\u00bbBienestar animal\u00bb font_container=\u00bbtag:h2|text_align:center|color:%23c1be6e\u00bb use_theme_fonts=\u00bbyes\u00bb][vc_raw_html]JTNDZGl2JTIwY2xhc3MlM0QlMjJiYXNzb2xhLXNlcGFyYXRvci1ncmVlbiUyMiUzRSUzQyUyRmRpdiUzRQ==[\/vc_raw_html][vc_empty_space height=\u00bb50px\u00bb][vc_column_text el_class=\u00bbsection-center\u00bb]<\/p>\n<p style=\"text-align: center;\">El hecho de que nuestras terneras est\u00e9n bien atendidas durante su crianza, reciban una buena alimentaci\u00f3n a partir de semillas de lino y disfruten de un paraje singular nos permite ofrecer carne de una alt\u00edsima calidad.<\/p>\n<p>[\/vc_column_text][vc_empty_space height=\u00bb50px\u00bb][\/vc_column][vc_column width=\u00bb1\/3&#8243;][\/vc_column][\/vc_row][vc_row full_width=\u00bbstretch_row\u00bb custom_row_image_right=\u00bbbackground-images-overlay-fullwidth\u00bb el_id=\u00bbbassola-icons-benestar1&#8243; css=\u00bb.vc_custom_1523810228670{background-image: url(http:\/\/www.labassola.com\/wp-content\/uploads\/2018\/04\/labassola_bg_trans3.png?id=4216) !important;background-position: 0 0 !important;background-repeat: repeat !important;}\u00bb][vc_column width=\u00bb1\/2&#8243;][vc_single_image image=\u00bb4265&#8243; img_size=\u00bbfull\u00bb alignment=\u00bbcenter\u00bb][vc_empty_space height=\u00bb40px\u00bb][vc_custom_heading text=\u00bbUna dieta basada en semillas de lino\u00bb font_container=\u00bbtag:h4|text_align:center|color:%234e453c\u00bb use_theme_fonts=\u00bbyes\u00bb][vc_column_text]<\/p>\n<p style=\"text-align: center;\">En la alimentaci\u00f3n de las terneras es muy importante la semilla de lino, pues permite que obtengamos de ellas un alto contenido en grasas insaturadas. Al mismo tiempo, esta alimentaci\u00f3n tiene grandes ventajas por su contenido antioxidante natural y hace que la calidad nutricional de las carnes sea mucho m\u00e1s elevada.<\/p>\n<p>[\/vc_column_text][vc_empty_space height=\u00bb40px\u00bb][\/vc_column][vc_column width=\u00bb1\/2&#8243;][vc_single_image image=\u00bb4267&#8243; img_size=\u00bbfull\u00bb alignment=\u00bbcenter\u00bb][vc_empty_space height=\u00bb40px\u00bb][vc_custom_heading text=\u00bbNormativas sanitarias\u00bb font_container=\u00bbtag:h4|text_align:center|color:%234e453c\u00bb use_theme_fonts=\u00bbyes\u00bb][vc_column_text]<\/p>\n<p style=\"text-align: center;\">Todos los procesos productivos de La Bassola est\u00e1n certificados por el organismo EICG (Entidad de Inspecci\u00f3n y Certificaci\u00f3n de Girona), al tiempo que cumplen con todas las normas sanitarias establecidas por los organismos oficiales.<\/p>\n<p>[\/vc_column_text][vc_empty_space height=\u00bb40px\u00bb][\/vc_column][\/vc_row][vc_row full_width=\u00bbstretch_row\u00bb custom_row_image_right=\u00bbbackground-images-overlay-fullwidth\u00bb el_id=\u00bbbassola-icons-benestar2&#8243; css=\u00bb.vc_custom_1523810239104{background-image: url(http:\/\/www.labassola.com\/wp-content\/uploads\/2018\/04\/labassola_bg_trans3.png?id=4216) !important;background-position: 0 0 !important;background-repeat: repeat !important;}\u00bb][vc_column width=\u00bb1\/2&#8243;][vc_single_image image=\u00bb4269&#8243; img_size=\u00bbfull\u00bb alignment=\u00bbcenter\u00bb][vc_empty_space height=\u00bb40px\u00bb][vc_custom_heading text=\u00bbEstimulaci\u00f3n musical del ganado\u00bb font_container=\u00bbtag:h4|text_align:center|color:%234e453c\u00bb use_theme_fonts=\u00bbyes\u00bb][vc_column_text]<\/p>\n<p style=\"text-align: center;\">La m\u00fasica cl\u00e1sica es un estimulante y un elemento relajante para las terneras. Numerosos estudios lo certifican. Por eso en La Bassola hace ya algunos a\u00f1os que decidimos dotar nuestras instalaciones ganaderas de hilo musical para procurar el bienestar de las terneras.<\/p>\n<p>[\/vc_column_text][vc_empty_space height=\u00bb40px\u00bb][\/vc_column][vc_column width=\u00bb1\/2&#8243;][vc_single_image image=\u00bb4270&#8243; img_size=\u00bbfull\u00bb alignment=\u00bbcenter\u00bb][vc_empty_space height=\u00bb40px\u00bb][vc_custom_heading text=\u00bbMasajes para el ganado\u00bb font_container=\u00bbtag:h4|text_align:center|color:%234e453c\u00bb use_theme_fonts=\u00bbyes\u00bb][vc_column_text]<\/p>\n<p style=\"text-align: center;\">Que las terneras est\u00e9n relajadas y vivan con tranquilidad es esencial. Por eso cada d\u00eda en La Bassola masajeamos al ganado con unos cepillos especiales.<\/p>\n<p>[\/vc_column_text][vc_empty_space height=\u00bb40px\u00bb][\/vc_column][\/vc_row][vc_row full_width=\u00bbstretch_row_content_no_spaces\u00bb custom_row_image_right=\u00bbbackground-images-overlay-fullwidth\u00bb css=\u00bb.vc_custom_1523810249378{background-image: url(http:\/\/www.labassola.com\/wp-content\/uploads\/2018\/04\/labassola_bg_trans3.png?id=4216) !important;background-position: 0 0 !important;background-repeat: repeat !important;}\u00bb][vc_column][vc_empty_space height=\u00bb50px\u00bb][\/vc_column][\/vc_row][vc_row full_width=\u00bbstretch_row\u00bb parallax=\u00bbcontent-moving\u00bb parallax_image=\u00bb3902&#8243; custom_row_image_right=\u00bbbackground-images-overlay-fullwidth\u00bb css=\u00bb.vc_custom_1523810265056{background-image: url(http:\/\/www.labassola.com\/wp-content\/uploads\/2018\/04\/labassola_bg_trans3.png?id=4216) !important;background-position: 0 0;background-repeat: repeat !important;}\u00bb][vc_column width=\u00bb1\/6&#8243;][\/vc_column][vc_column width=\u00bb2\/3&#8243;][vc_empty_space height=\u00bb100px\u00bb][vc_custom_heading text=\u00bb\u00abEn La Bassola sentimos pasi\u00f3n por nuestro oficio ganadero, por eso trabajamos d\u00eda a d\u00eda para conseguir unos productos elaborados con carne de ternera de calidad, para disfrutarlos y saborearlos.\u00bb<\/p>\n<p>Pep i Miquel\u00bb font_container=\u00bbtag:h6|font_size:26px|text_align:center|color:%23f2ecda|line_height:32px\u00bb google_fonts=\u00bbfont_family:Lora%3Aregular%2Citalic%2C700%2C700italic|font_style:400%20italic%3A400%3Aitalic\u00bb][vc_empty_space height=\u00bb100px\u00bb][\/vc_column][vc_column width=\u00bb1\/6&#8243;][\/vc_column][\/vc_row]<\/p>\n","protected":false},"excerpt":{"rendered":"<p>[vc_row full_width=\u00bbstretch_row_content\u00bb custom_row_image_right=\u00bbbackground-images-overlay-fullwidth\u00bb css=\u00bb.vc_custom_1523810218012{padding-top: 0px !important;background-image: url(http:\/\/www.labassola.com\/wp-content\/uploads\/2018\/04\/labassola_bg_trans3.png?id=4216) !important;background-position: 0 0 !important;background-repeat: repeat !important;}\u00bb][vc_column width=\u00bb1\/3&#8243;][vc_empty_space][\/vc_column][vc_column width=\u00bb1\/3&#8243;][vc_empty_space height=\u00bb70px\u00bb][vc_custom_heading text=\u00bbBienestar animal\u00bb font_container=\u00bbtag:h2|text_align:center|color:%23c1be6e\u00bb use_theme_fonts=\u00bbyes\u00bb][vc_raw_html]JTNDZGl2JTIwY2xhc3MlM0QlMjJiYXNzb2xhLXNlcGFyYXRvci1ncmVlbiUyMiUzRSUzQyUyRmRpdiUzRQ==[\/vc_raw_html][vc_empty_space height=\u00bb50px\u00bb][vc_column_text el_class=\u00bbsection-center\u00bb] El hecho de que nuestras terneras est\u00e9n bien atendidas durante su crianza, reciban una buena alimentaci\u00f3n a partir de semillas de lino y disfruten de un paraje singular nos permite ofrecer carne de [&hellip;]<\/p>\n","protected":false},"author":2,"featured_media":0,"parent":0,"menu_order":0,"comment_status":"closed","ping_status":"closed","template":"","meta":[],"_links":{"self":[{"href":"https:\/\/www.labassola.com\/es\/wp-json\/wp\/v2\/pages\/4509"}],"collection":[{"href":"https:\/\/www.labassola.com\/es\/wp-json\/wp\/v2\/pages"}],"about":[{"href":"https:\/\/www.labassola.com\/es\/wp-json\/wp\/v2\/types\/page"}],"author":[{"embeddable":true,"href":"https:\/\/www.labassola.com\/es\/wp-json\/wp\/v2\/users\/2"}],"replies":[{"embeddable":true,"href":"https:\/\/www.labassola.com\/es\/wp-json\/wp\/v2\/comments?post=4509"}],"version-history":[{"count":5,"href":"https:\/\/www.labassola.com\/es\/wp-json\/wp\/v2\/pages\/4509\/revisions"}],"predecessor-version":[{"id":4587,"href":"https:\/\/www.labassola.com\/es\/wp-json\/wp\/v2\/pages\/4509\/revisions\/4587"}],"wp:attachment":[{"href":"https:\/\/www.labassola.com\/es\/wp-json\/wp\/v2\/media?parent=4509"}],"curies":[{"name":"wp","href":"https:\/\/api.w.org\/{rel}","templated":true}]}}