{"id":4471,"date":"2018-04-15T22:00:11","date_gmt":"2018-04-15T22:00:11","guid":{"rendered":"http:\/\/www.labassola.com?page_id=4471"},"modified":"2018-04-15T22:45:45","modified_gmt":"2018-04-15T22:45:45","slug":"la-bassola","status":"publish","type":"page","link":"https:\/\/www.labassola.com\/es\/la-bassola","title":{"rendered":"La Bassola"},"content":{"rendered":"<p>[vc_row full_width=\u00bbstretch_row_content\u00bb custom_row_image=\u00bb4232&#8243; custom_row_image_right=\u00bbbackground-images-overlay-fullwidth\u00bb css=\u00bb.vc_custom_1523546340860{padding-top: 0px !important;padding-bottom: 0px !important;background-position: center !important;background-repeat: no-repeat !important;background-size: contain !important;}\u00bb el_id=\u00bbbassola-content-desktop\u00bb][vc_column width=\u00bb1\/3&#8243; offset=\u00bbvc_col-sm-offset-0&#8243;][vc_empty_space height=\u00bb70px\u00bb][vc_single_image image=\u00bb4228&#8243; img_size=\u00bbfull\u00bb alignment=\u00bbright\u00bb][\/vc_column][vc_column width=\u00bb1\/3&#8243;][vc_empty_space height=\u00bb70px\u00bb][vc_single_image image=\u00bb4389&#8243; img_size=\u00bbfull\u00bb alignment=\u00bbcenter\u00bb css_animation=\u00bbtop-to-bottom\u00bb][vc_empty_space height=\u00bb20px\u00bb][vc_custom_heading text=\u00bbLA BASSOLA\u00bb font_container=\u00bbtag:h1|text_align:center\u00bb use_theme_fonts=\u00bbyes\u00bb][vc_empty_space height=\u00bb20px\u00bb][vc_column_text el_class=\u00bbsection-center\u00bb]<\/p>\n<p style=\"text-align: center;\"><strong>Desde 1971<\/strong> la Granja la Bassola ofrece carne de ternera de una alta calidad. Desde <strong>Castellter\u00e7ol<\/strong>, en la comarca del Moian\u00e8s, criamos las terneras en un lugar singular, donde contamos con un equipo de profesionales especializados en veterinaria y nutrici\u00f3n que garantizan los m\u00e1s estrictos controles de calidad de los productos que La Bassola comercializa.<\/p>\n<p style=\"text-align: center;\">.<\/p>\n<p>[\/vc_column_text][vc_empty_space height=\u00bb70px\u00bb][\/vc_column][vc_column width=\u00bb1\/3&#8243;][\/vc_column][\/vc_row][vc_row full_width=\u00bbstretch_row_content\u00bb custom_row_image_right=\u00bbbackground-images-overlay-fullwidth\u00bb css=\u00bb.vc_custom_1523547142012{padding-top: 0px !important;padding-bottom: 0px !important;background-image: url(http:\/\/www.labassola.com\/wp-content\/uploads\/2018\/04\/labassola_bg_trans2.png?id=4181) !important;background-position: 0 0 !important;background-repeat: repeat !important;}\u00bb el_id=\u00bbbassola-content-mobile\u00bb][vc_column width=\u00bb1\/3&#8243; offset=\u00bbvc_col-sm-offset-0&#8243;][vc_empty_space height=\u00bb70px\u00bb][vc_single_image image=\u00bb4228&#8243; img_size=\u00bbfull\u00bb alignment=\u00bbcenter\u00bb][\/vc_column][vc_column width=\u00bb1\/3&#8243;][vc_empty_space height=\u00bb70px\u00bb][vc_single_image image=\u00bb4389&#8243; img_size=\u00bbfull\u00bb alignment=\u00bbcenter\u00bb css_animation=\u00bbtop-to-bottom\u00bb][vc_empty_space height=\u00bb20px\u00bb][vc_custom_heading text=\u00bbLA BASSOLA\u00bb font_container=\u00bbtag:h1|text_align:center\u00bb use_theme_fonts=\u00bbyes\u00bb][vc_empty_space height=\u00bb20px\u00bb][vc_column_text el_class=\u00bbsection-center\u00bb]<\/p>\n<p style=\"text-align: center;\"><strong>Desde 1971<\/strong> la Granja la Bassola ofrece carne de ternera de una alta calidad. Desde <strong>Castellter\u00e7ol<\/strong>, en la comarca del Moian\u00e8s, criamos las terneras en un lugar singular, donde contamos con un equipo de profesionales especializados en veterinaria y nutrici\u00f3n que garantizan los m\u00e1s estrictos controles de calidad de los productos que La Bassola comercializa.<\/p>\n<p>[\/vc_column_text][\/vc_column][vc_column width=\u00bb1\/3&#8243;][\/vc_column][\/vc_row][vc_row full_width=\u00bbstretch_row\u00bb custom_row_image_right=\u00bbbackground-images-overlay-fullwidth\u00bb css=\u00bb.vc_custom_1523810322112{padding-top: 0px !important;background-image: url(http:\/\/www.labassola.com\/wp-content\/uploads\/2018\/04\/labassola_bg_trans3.png?id=4216) !important;background-position: 0 0 !important;background-repeat: repeat !important;}\u00bb][vc_column][vc_empty_space height=\u00bb70px\u00bb][vc_custom_heading text=\u00bbUn poco de historia\u00bb font_container=\u00bbtag:h2|text_align:center|color:%23c1be6e\u00bb use_theme_fonts=\u00bbyes\u00bb][vc_raw_html]JTNDZGl2JTIwY2xhc3MlM0QlMjJiYXNzb2xhLXNlcGFyYXRvci1ncmVlbiUyMiUzRSUzQyUyRmRpdiUzRQ==[\/vc_raw_html][vc_empty_space height=\u00bb50px\u00bb][cms_grid col_xs=\u00bb1&#8243; col_sm=\u00bb1&#8243; col_md=\u00bb1&#8243; col_lg=\u00bb1&#8243; cms_template=\u00bbcms_grid&#8211;layout-timeline.php\u00bb source=\u00bbsize:6|order_by:date|order:DESC|post_type:timeline\u00bb][vc_empty_space height=\u00bb50px\u00bb][\/vc_column][\/vc_row][vc_row full_width=\u00bbstretch_row\u00bb custom_row_image_right=\u00bbbackground-images-overlay-fullwidth\u00bb css=\u00bb.vc_custom_1523569457978{padding-top: 70px !important;background-color: #c1be6e !important;}\u00bb][vc_column][vc_custom_heading text=\u00bbEl proceso de crianza\u00bb font_container=\u00bbtag:h2|text_align:center|color:%234e453c\u00bb use_theme_fonts=\u00bbyes\u00bb el_class=\u00bbbassola-titular\u00bb][vc_raw_html]JTNDZGl2JTIwY2xhc3MlM0QlMjJiYXNzb2xhLXNlcGFyYXRvci1ibGFjayUyMiUzRSUzQyUyRmRpdiUzRQ==[\/vc_raw_html][\/vc_column][\/vc_row][vc_row full_width=\u00bbstretch_row\u00bb custom_row_image_right=\u00bbbackground-images-overlay-fullwidth\u00bb css=\u00bb.vc_custom_1523569463054{padding-top: 60px !important;padding-bottom: 80px !important;background-color: #c1be6e !important;}\u00bb el_id=\u00bbbassola-icons\u00bb][vc_column width=\u00bb1\/4&#8243;][vc_single_image image=\u00bb4200&#8243; img_size=\u00bbfull\u00bb alignment=\u00bbcenter\u00bb][vc_empty_space height=\u00bb40px\u00bb][vc_custom_heading text=\u00bbEL ORIGEN\u00bb font_container=\u00bbtag:h4|text_align:center|color:%234e453c\u00bb use_theme_fonts=\u00bbyes\u00bb][vc_column_text]<\/p>\n<p style=\"text-align: center;\">Procedentes de <strong>Asturias y Galicia<\/strong>, por medio de una cuidadosa selecci\u00f3n llegan a La Bassola terneras de 3 a 4 meses de edad.<\/p>\n<p>[\/vc_column_text][vc_empty_space height=\u00bb40px\u00bb][\/vc_column][vc_column width=\u00bb1\/4&#8243;][vc_single_image image=\u00bb4201&#8243; img_size=\u00bbfull\u00bb alignment=\u00bbcenter\u00bb][vc_empty_space height=\u00bb40px\u00bb][vc_custom_heading text=\u00bbLA ALIMENTACI\u00d3N\u00bb font_container=\u00bbtag:h4|text_align:center|color:%234e453c\u00bb use_theme_fonts=\u00bbyes\u00bb][vc_column_text]<\/p>\n<p style=\"text-align: center;\">En funci\u00f3n de la edad de las terneras establecemos una alimentaci\u00f3n personalizada <strong>100% natural<\/strong>, supervisada por un especialista en nutrici\u00f3n animal.<\/p>\n<p>[\/vc_column_text][vc_empty_space height=\u00bb40px\u00bb][\/vc_column][vc_column width=\u00bb1\/4&#8243;][vc_single_image image=\u00bb4202&#8243; img_size=\u00bbfull\u00bb alignment=\u00bbcenter\u00bb][vc_empty_space height=\u00bb40px\u00bb][vc_custom_heading text=\u00bbLA CRIANZA\u00bb font_container=\u00bbtag:h4|text_align:center|color:%234e453c\u00bb use_theme_fonts=\u00bbyes\u00bb][vc_column_text]<\/p>\n<p style=\"text-align: center;\">Potenciamos el <strong>bienestar animal<\/strong> del ganado durante todo el proceso de crianza mediante su alimentaci\u00f3n, la terapia musical y los cepillos para hacer masajes.<\/p>\n<p>[\/vc_column_text][vc_empty_space height=\u00bb40px\u00bb][\/vc_column][vc_column width=\u00bb1\/4&#8243;][vc_single_image image=\u00bb4203&#8243; img_size=\u00bbfull\u00bb alignment=\u00bbcenter\u00bb][vc_empty_space height=\u00bb40px\u00bb][vc_custom_heading text=\u00bbLA DISTRIBUCI\u00d3N\u00bb font_container=\u00bbtag:h4|text_align:center|color:%234e453c\u00bb use_theme_fonts=\u00bbyes\u00bb][vc_column_text]<\/p>\n<p style=\"text-align: center;\">En La Bassola trabajamos <strong>sin intermediarios<\/strong>, desde la proximidad y el rigor profesional, siguiendo todos los controles de calidad y las normativas sanitarias vigentes.<\/p>\n<p>[\/vc_column_text][vc_empty_space height=\u00bb40px\u00bb][\/vc_column][\/vc_row][vc_row full_width=\u00bbstretch_row\u00bb custom_row_image_right=\u00bbbackground-images-overlay-fullwidth\u00bb css=\u00bb.vc_custom_1523810355066{padding-top: 0px !important;background-image: url(http:\/\/www.labassola.com\/wp-content\/uploads\/2018\/04\/labassola_bg_trans3.png?id=4216) !important;background-position: 0 0 !important;background-repeat: repeat !important;}\u00bb][vc_column][vc_empty_space height=\u00bb70px\u00bb][vc_custom_heading text=\u00bbCuatro motivos para elegir La Bassola\u00bb font_container=\u00bbtag:h2|text_align:center|color:%23c1be6e\u00bb use_theme_fonts=\u00bbyes\u00bb][vc_raw_html]JTNDZGl2JTIwY2xhc3MlM0QlMjJiYXNzb2xhLXNlcGFyYXRvci1ncmVlbiUyMiUzRSUzQyUyRmRpdiUzRQ==[\/vc_raw_html][vc_empty_space height=\u00bb70px\u00bb][vc_row_inner][vc_column_inner width=\u00bb1\/2&#8243;][vc_column_text]<\/p>\n<h4><i class=\"fa fa-check\" aria-hidden=\"true\"><\/i> PROXIMIDAD KM0<\/h4>\n<p>La relaci\u00f3n con nuestros clientes es totalmente directa, sin intermediarios, lo que proporciona seguridad y confianza en la comercializaci\u00f3n de nuestros productos.[\/vc_column_text][vc_empty_space height=\u00bb40px\u00bb][\/vc_column_inner][vc_column_inner width=\u00bb1\/2&#8243;][vc_column_text]<\/p>\n<h4><i class=\"fa fa-check\" aria-hidden=\"true\">\u00a0<\/i>CUIDAMOS DEL GANADO<\/h4>\n<p>El bienestar de las terneras, la alimentaci\u00f3n que reciben y las instalaciones de La Bassola son sin\u00f3nimo de calidad en los productos que ofrecemos.[\/vc_column_text][vc_empty_space height=\u00bb40px\u00bb][\/vc_column_inner][\/vc_row_inner][vc_row_inner][vc_column_inner width=\u00bb1\/2&#8243;][vc_column_text]<\/p>\n<h4><i class=\"fa fa-check\" aria-hidden=\"true\"> <\/i> ALIMENTACI\u00d3N SANA Y EQUILIBRADA<\/h4>\n<p>Preparamos dietas personalizadas elaboradas a partir de materias primas, con el objetivo de conseguir una carne de m\u00e1xima calidad y lo m\u00e1s sana posible[\/vc_column_text][vc_empty_space height=\u00bb40px\u00bb][\/vc_column_inner][vc_column_inner width=\u00bb1\/2&#8243;][vc_column_text]<\/p>\n<h4><i class=\"fa fa-check\" aria-hidden=\"true\"><\/i> SEGURIDAD ALIMENTARIA<\/h4>\n<p>La carne de ternera de La Bassola est\u00e1 fileteada bajo rigurosos controles del Departamento de Sanidad, lo que nos permite ofrecer las m\u00e1ximas garant\u00edas de todas las normativas sanitarias.[\/vc_column_text][vc_empty_space height=\u00bb40px\u00bb][\/vc_column_inner][\/vc_row_inner][vc_empty_space height=\u00bb8em\u00bb][\/vc_column][\/vc_row]<\/p>\n","protected":false},"excerpt":{"rendered":"<p>[vc_row full_width=\u00bbstretch_row_content\u00bb custom_row_image=\u00bb4232&#8243; custom_row_image_right=\u00bbbackground-images-overlay-fullwidth\u00bb css=\u00bb.vc_custom_1523546340860{padding-top: 0px !important;padding-bottom: 0px !important;background-position: center !important;background-repeat: no-repeat !important;background-size: contain !important;}\u00bb el_id=\u00bbbassola-content-desktop\u00bb][vc_column width=\u00bb1\/3&#8243; offset=\u00bbvc_col-sm-offset-0&#8243;][vc_empty_space height=\u00bb70px\u00bb][vc_single_image image=\u00bb4228&#8243; img_size=\u00bbfull\u00bb alignment=\u00bbright\u00bb][\/vc_column][vc_column width=\u00bb1\/3&#8243;][vc_empty_space height=\u00bb70px\u00bb][vc_single_image image=\u00bb4389&#8243; img_size=\u00bbfull\u00bb alignment=\u00bbcenter\u00bb css_animation=\u00bbtop-to-bottom\u00bb][vc_empty_space height=\u00bb20px\u00bb][vc_custom_heading text=\u00bbLA BASSOLA\u00bb font_container=\u00bbtag:h1|text_align:center\u00bb use_theme_fonts=\u00bbyes\u00bb][vc_empty_space height=\u00bb20px\u00bb][vc_column_text el_class=\u00bbsection-center\u00bb] Desde 1971 la Granja la Bassola ofrece carne de ternera de una alta calidad. Desde Castellter\u00e7ol, en la comarca del [&hellip;]<\/p>\n","protected":false},"author":2,"featured_media":0,"parent":0,"menu_order":0,"comment_status":"closed","ping_status":"closed","template":"","meta":[],"_links":{"self":[{"href":"https:\/\/www.labassola.com\/es\/wp-json\/wp\/v2\/pages\/4471"}],"collection":[{"href":"https:\/\/www.labassola.com\/es\/wp-json\/wp\/v2\/pages"}],"about":[{"href":"https:\/\/www.labassola.com\/es\/wp-json\/wp\/v2\/types\/page"}],"author":[{"embeddable":true,"href":"https:\/\/www.labassola.com\/es\/wp-json\/wp\/v2\/users\/2"}],"replies":[{"embeddable":true,"href":"https:\/\/www.labassola.com\/es\/wp-json\/wp\/v2\/comments?post=4471"}],"version-history":[{"count":4,"href":"https:\/\/www.labassola.com\/es\/wp-json\/wp\/v2\/pages\/4471\/revisions"}],"predecessor-version":[{"id":4478,"href":"https:\/\/www.labassola.com\/es\/wp-json\/wp\/v2\/pages\/4471\/revisions\/4478"}],"wp:attachment":[{"href":"https:\/\/www.labassola.com\/es\/wp-json\/wp\/v2\/media?parent=4471"}],"curies":[{"name":"wp","href":"https:\/\/api.w.org\/{rel}","templated":true}]}}